{"id":1338,"date":"2020-10-27T12:13:36","date_gmt":"2020-10-27T12:13:36","guid":{"rendered":"https:\/\/casaplaterias.es\/about-ur\/"},"modified":"2020-11-04T18:01:34","modified_gmt":"2020-11-04T18:01:34","slug":"about-us","status":"publish","type":"page","link":"https:\/\/casaplaterias.es\/en\/about-us\/","title":{"rendered":"About us"},"content":{"rendered":"<p>[et_pb_section fb_built=&#8221;1&#8243; _builder_version=&#8221;4.6.3&#8243; _module_preset=&#8221;default&#8221;][et_pb_row _builder_version=&#8221;4.6.3&#8243; _module_preset=&#8221;default&#8221; width=&#8221;90%&#8221;][et_pb_column type=&#8221;4_4&#8243; _builder_version=&#8221;4.6.3&#8243; _module_preset=&#8221;default&#8221;][et_pb_image src=&#8221;https:\/\/casaplaterias.es\/wp-content\/uploads\/2020\/10\/EDIFICIO-PLATERIAS-247-scaled.jpg&#8221; title_text=&#8221;EDIFICIO PLATERIAS 247&#8243; align=&#8221;center&#8221; _builder_version=&#8221;4.6.3&#8243; _module_preset=&#8221;default&#8221; max_height=&#8221;700px&#8221;][\/et_pb_image][et_pb_text _builder_version=&#8221;4.6.3&#8243; _module_preset=&#8221;default&#8221; text_text_color=&#8221;#b2b2b2&#8243; text_line_height=&#8221;1.3em&#8221; text_orientation=&#8221;justified&#8221; custom_margin=&#8221;3%|2%|3%|2%|true|true&#8221; text_font_size_tablet=&#8221;18px&#8221; text_font_size_phone=&#8221;16px&#8221; text_font_size_last_edited=&#8221;on|phone&#8221;]<\/p>\n<h1 style=\"text-align: justify;\" data-mce-style=\"text-align: justify;\"><strong>A historic place in Zaragoza city.<\/strong><\/h1>\n<p>The Roman road &#8220;Decumano Maximo&#8221;, the medieval houses that retain their 15th century structure, Platerias Street was known for the city&#8217;s jewelry trade, the Alfonso Street is an example of the<\/p>\n<p>Bourgeois transformation in the 19th century, the cultural context of artists and artisans make these tourist apartments a unique experience that brings to the always interesting visit to the immortal Ebro city.<\/p>\n<p>[\/et_pb_text][\/et_pb_column][\/et_pb_row][et_pb_row column_structure=&#8221;1_2,1_2&#8243; make_equal=&#8221;on&#8221; _builder_version=&#8221;4.6.3&#8243; _module_preset=&#8221;default&#8221; width=&#8221;90%&#8221;][et_pb_column type=&#8221;1_2&#8243; module_class=&#8221;ds-vertical-align&#8221; _builder_version=&#8221;4.6.3&#8243; _module_preset=&#8221;default&#8221;]<\/p>\n<p>[et_pb_gallery gallery_ids=&#8221;1019,1016,1017,1018&#8243; fullwidth=&#8221;on&#8221; db_images_per_row=&#8221;1&#8243; dbdb_version=&#8221;3.2.9&#8243; _builder_version=&#8221;4.6.3&#8243; _module_preset=&#8221;default&#8221;][\/et_pb_gallery]<\/p>\n<p>[\/et_pb_column][et_pb_column type=&#8221;1_2&#8243; _builder_version=&#8221;4.6.3&#8243; _module_preset=&#8221;default&#8221;][et_pb_text _builder_version=&#8221;4.6.6&#8243; _module_preset=&#8221;default&#8221; text_text_color=&#8221;#b2b2b2&#8243; text_line_height=&#8221;1.3em&#8221; text_orientation=&#8221;justified&#8221; custom_margin=&#8221;3%|2%|3%|2%|true|true&#8221; text_font_size_tablet=&#8221;18px&#8221; text_font_size_phone=&#8221;16px&#8221; text_font_size_last_edited=&#8221;on|phone&#8221;]<\/p>\n<h2 style=\"text-align: justify;\" data-mce-style=\"text-align: justify;\">The street has been witness of the last 2,000 years of the city&#8217;s history.<\/h2>\n<p style=\"text-align: justify;\" data-mce-style=\"text-align: justify;\">Walking down Manifestation Street, you can suddenly get immersed in what could be a typical commercial street in any small city, with the particularity that the most humble of shops can be a spectacular architectural work and count with modernist details or precious ancient typefaces.<br \/>They are distinguished for their high struts and the balconies that stand out on the sidewalk. In general, they lack gates and fill almost the entire space around the road, a reflection of the eclectic architecture and the high population of the area. Sometimes, a little tree can accompanies in our journey.<\/p>\n<p>[\/et_pb_text][\/et_pb_column][\/et_pb_row][et_pb_row _builder_version=&#8221;4.6.3&#8243; _module_preset=&#8221;default&#8221; width=&#8221;90%&#8221;][et_pb_column type=&#8221;4_4&#8243; _builder_version=&#8221;4.6.3&#8243; _module_preset=&#8221;default&#8221;][et_pb_text _builder_version=&#8221;4.6.6&#8243; _module_preset=&#8221;default&#8221; text_text_color=&#8221;#b2b2b2&#8243; text_line_height=&#8221;1.3em&#8221; text_orientation=&#8221;justified&#8221; custom_margin=&#8221;3%|2%|3%|2%|true|true&#8221; text_font_size_tablet=&#8221;18px&#8221; text_font_size_phone=&#8221;16px&#8221; text_font_size_last_edited=&#8221;on|phone&#8221;]<\/p>\n<p>The balconies look out onto the street, like wishing be part of everything, the bars dividing the balconies with the most fancy designs characteristic of the neighborhoods, marking the small perimeter limits between houses. People and cars coming and going are part of the visual and acoustic environment<br \/>Since the Middle Age, the union groups in this area made up the Zaragoza street map, which increased with names such as Cuchiller\u00eda, Sombrerer\u00eda or Platerias. Being Platerias the finally name get demoninated of the Manifestation.<\/p>\n<h3>Remember our location, we are in center of the city, with Pilar Square 350 meter away.<\/h3>\n<p>[\/et_pb_text][et_pb_text _builder_version=&#8221;4.6.6&#8243; _module_preset=&#8221;default&#8221; text_font=&#8221;|||on|||||&#8221; text_text_color=&#8221;#18678d&#8221; text_font_size=&#8221;30px&#8221; text_letter_spacing=&#8221;2px&#8221; text_line_height=&#8221;1em&#8221; custom_margin=&#8221;1%||1%||true|false&#8221; text_font_size_tablet=&#8221;25px&#8221; text_font_size_phone=&#8221;20px&#8221; text_font_size_last_edited=&#8221;on|phone&#8221;]<\/p>\n<p style=\"text-align: center;\">REQUEST YOUR RESERVATION NOW<\/p>\n<p>[\/et_pb_text][et_pb_contact_form captcha=&#8221;off&#8221; email=&#8221;casaplaterias@brial.es, recepcion.reinoaragon@hoteles-silken.com, info@casaplaterias.es&#8221; custom_message=&#8221;Hola Buen d\u00eda.||et_pb_line_break_holder||||et_pb_line_break_holder||Hemos recibido un contacto de una persona interesada desde la p\u00e1gina de Nosotros||et_pb_line_break_holder||||et_pb_line_break_holder||Nombre: %%Name%%||et_pb_line_break_holder||Correo Electr\u00f3nico: %%Email%%||et_pb_line_break_holder||N\u00famero de Tel\u00e9fono: %%Phone%%||et_pb_line_break_holder||||et_pb_line_break_holder||ESTO ES UNA NOTIFICACI\u00d3N AUTOM\u00c1TICA QUE SOLO SE RECIBE EN ESTE CORREO ||et_pb_line_break_holder||&#8221; success_message=&#8221;Thank you, your message was sent successfully.&#8221; submit_button_text=&#8221;Send request!&#8221; _builder_version=&#8221;4.6.6&#8243; _module_preset=&#8221;default&#8221; form_field_background_color=&#8221;#b2b2b2&#8243; form_field_text_color=&#8221;#ffffff&#8221; form_field_focus_background_color=&#8221;#7095a7&#8243; form_field_focus_text_color=&#8221;#ffffff&#8221; form_field_font_size=&#8221;16px&#8221; custom_button=&#8221;on&#8221; button_text_size=&#8221;16px&#8221; button_text_color=&#8221;#18678d&#8221; button_bg_color=&#8221;#ffffff&#8221; button_border_radius=&#8221;0px&#8221; button_letter_spacing=&#8221;2px&#8221; button_font=&#8221;|600|||||||&#8221; button_use_icon=&#8221;off&#8221; locked=&#8221;off&#8221; button_bg_color__hover_enabled=&#8221;on|desktop&#8221; button_text_color__hover_enabled=&#8221;on|hover&#8221; button_text_color__hover=&#8221;#ffffff&#8221; button_bg_color__hover=&#8221;#18678d&#8221; button_bg_enable_color__hover=&#8221;on&#8221;][et_pb_contact_field field_id=&#8221;Name&#8221; field_title=&#8221;Name&#8221; fullwidth_field=&#8221;on&#8221; _builder_version=&#8221;4.6.3&#8243; button_text_size__hover_enabled=&#8221;off&#8221; button_one_text_size__hover_enabled=&#8221;off&#8221; button_two_text_size__hover_enabled=&#8221;off&#8221; button_text_color__hover_enabled=&#8221;off&#8221; button_one_text_color__hover_enabled=&#8221;off&#8221; button_two_text_color__hover_enabled=&#8221;off&#8221; button_border_width__hover_enabled=&#8221;off&#8221; button_one_border_width__hover_enabled=&#8221;off&#8221; button_two_border_width__hover_enabled=&#8221;off&#8221; button_border_color__hover_enabled=&#8221;off&#8221; button_one_border_color__hover_enabled=&#8221;off&#8221; button_two_border_color__hover_enabled=&#8221;off&#8221; button_border_radius__hover_enabled=&#8221;off&#8221; button_one_border_radius__hover_enabled=&#8221;off&#8221; button_two_border_radius__hover_enabled=&#8221;off&#8221; button_letter_spacing__hover_enabled=&#8221;off&#8221; button_one_letter_spacing__hover_enabled=&#8221;off&#8221; button_two_letter_spacing__hover_enabled=&#8221;off&#8221; button_bg_color__hover_enabled=&#8221;off&#8221; button_one_bg_color__hover_enabled=&#8221;off&#8221; button_two_bg_color__hover_enabled=&#8221;off&#8221;][\/et_pb_contact_field][et_pb_contact_field field_id=&#8221;Email&#8221; field_title=&#8221;Email&#8221; field_type=&#8221;email&#8221; fullwidth_field=&#8221;on&#8221; _builder_version=&#8221;4.6.3&#8243; button_text_size__hover_enabled=&#8221;off&#8221; button_one_text_size__hover_enabled=&#8221;off&#8221; button_two_text_size__hover_enabled=&#8221;off&#8221; button_text_color__hover_enabled=&#8221;off&#8221; button_one_text_color__hover_enabled=&#8221;off&#8221; button_two_text_color__hover_enabled=&#8221;off&#8221; button_border_width__hover_enabled=&#8221;off&#8221; button_one_border_width__hover_enabled=&#8221;off&#8221; button_two_border_width__hover_enabled=&#8221;off&#8221; button_border_color__hover_enabled=&#8221;off&#8221; button_one_border_color__hover_enabled=&#8221;off&#8221; button_two_border_color__hover_enabled=&#8221;off&#8221; button_border_radius__hover_enabled=&#8221;off&#8221; button_one_border_radius__hover_enabled=&#8221;off&#8221; button_two_border_radius__hover_enabled=&#8221;off&#8221; button_letter_spacing__hover_enabled=&#8221;off&#8221; button_one_letter_spacing__hover_enabled=&#8221;off&#8221; button_two_letter_spacing__hover_enabled=&#8221;off&#8221; button_bg_color__hover_enabled=&#8221;off&#8221; button_one_bg_color__hover_enabled=&#8221;off&#8221; button_two_bg_color__hover_enabled=&#8221;off&#8221;][\/et_pb_contact_field][et_pb_contact_field field_id=&#8221;Phone&#8221; field_title=&#8221;Phone&#8221; allowed_symbols=&#8221;numbers&#8221; fullwidth_field=&#8221;on&#8221; _builder_version=&#8221;4.6.3&#8243; button_text_size__hover_enabled=&#8221;off&#8221; button_one_text_size__hover_enabled=&#8221;off&#8221; button_two_text_size__hover_enabled=&#8221;off&#8221; button_text_color__hover_enabled=&#8221;off&#8221; button_one_text_color__hover_enabled=&#8221;off&#8221; button_two_text_color__hover_enabled=&#8221;off&#8221; button_border_width__hover_enabled=&#8221;off&#8221; button_one_border_width__hover_enabled=&#8221;off&#8221; button_two_border_width__hover_enabled=&#8221;off&#8221; button_border_color__hover_enabled=&#8221;off&#8221; button_one_border_color__hover_enabled=&#8221;off&#8221; button_two_border_color__hover_enabled=&#8221;off&#8221; button_border_radius__hover_enabled=&#8221;off&#8221; button_one_border_radius__hover_enabled=&#8221;off&#8221; button_two_border_radius__hover_enabled=&#8221;off&#8221; button_letter_spacing__hover_enabled=&#8221;off&#8221; button_one_letter_spacing__hover_enabled=&#8221;off&#8221; button_two_letter_spacing__hover_enabled=&#8221;off&#8221; button_bg_color__hover_enabled=&#8221;off&#8221; button_one_bg_color__hover_enabled=&#8221;off&#8221; button_two_bg_color__hover_enabled=&#8221;off&#8221;][\/et_pb_contact_field][et_pb_contact_field field_id=&#8221;Apartment&#8221; field_title=&#8221;Apartment&#8221; field_type=&#8221;select&#8221; select_options=&#8221;%91{%22value%22:%22Standard%22,%22checked%22:0,%22dragID%22:-1},{%22value%22:%22Delux%22,%22checked%22:0,%22dragID%22:0},{%22value%22:%22Delux with Balcony%22,%22checked%22:0,%22dragID%22:1},{%22value%22:%22Duplex%22,%22checked%22:0,%22dragID%22:2},{%22value%22:%22Duplex with Terrace%22,%22checked%22:0,%22dragID%22:3}%93&#8243; required_mark=&#8221;off&#8221; fullwidth_field=&#8221;on&#8221; _builder_version=&#8221;4.6.6&#8243; _module_preset=&#8221;default&#8221;][\/et_pb_contact_field][et_pb_contact_field field_id=&#8221;Message&#8221; field_title=&#8221;Message&#8221; field_type=&#8221;text&#8221; required_mark=&#8221;off&#8221; fullwidth_field=&#8221;on&#8221; _builder_version=&#8221;4.6.6&#8243; _module_preset=&#8221;default&#8221;][\/et_pb_contact_field][\/et_pb_contact_form][\/et_pb_column][\/et_pb_row][\/et_pb_section]<\/p>\n","protected":false},"excerpt":{"rendered":"<p>A historic place in Zaragoza city.The Roman road &#8220;Decumano Maximo&#8221;, the medieval houses that retain their 15th century structure, Platerias Street was known for the city&#8217;s jewelry trade, the Alfonso Street is an example of theBourgeois transformation in the 19th century, the cultural context of artists and artisans make these tourist apartments a unique experience [&hellip;]<\/p>\n","protected":false},"author":1,"featured_media":0,"parent":0,"menu_order":0,"comment_status":"closed","ping_status":"closed","template":"","meta":{"_et_pb_use_builder":"on","_et_pb_old_content":"","_et_gb_content_width":"","footnotes":""},"class_list":["post-1338","page","type-page","status-publish","hentry"],"_links":{"self":[{"href":"https:\/\/casaplaterias.es\/en\/wp-json\/wp\/v2\/pages\/1338","targetHints":{"allow":["GET"]}}],"collection":[{"href":"https:\/\/casaplaterias.es\/en\/wp-json\/wp\/v2\/pages"}],"about":[{"href":"https:\/\/casaplaterias.es\/en\/wp-json\/wp\/v2\/types\/page"}],"author":[{"embeddable":true,"href":"https:\/\/casaplaterias.es\/en\/wp-json\/wp\/v2\/users\/1"}],"replies":[{"embeddable":true,"href":"https:\/\/casaplaterias.es\/en\/wp-json\/wp\/v2\/comments?post=1338"}],"version-history":[{"count":14,"href":"https:\/\/casaplaterias.es\/en\/wp-json\/wp\/v2\/pages\/1338\/revisions"}],"predecessor-version":[{"id":1660,"href":"https:\/\/casaplaterias.es\/en\/wp-json\/wp\/v2\/pages\/1338\/revisions\/1660"}],"wp:attachment":[{"href":"https:\/\/casaplaterias.es\/en\/wp-json\/wp\/v2\/media?parent=1338"}],"curies":[{"name":"wp","href":"https:\/\/api.w.org\/{rel}","templated":true}]}}